{"id":2,"date":"2023-06-04T21:41:50","date_gmt":"2023-06-04T21:41:50","guid":{"rendered":"https:\/\/www.ubrankadochrztu.com\/?page_id=2"},"modified":"2023-06-08T12:54:20","modified_gmt":"2023-06-08T12:54:20","slug":"sample-page","status":"publish","type":"page","link":"https:\/\/www.ubrankadochrztu.com\/?page_id=2","title":{"rendered":"Ubranka ch\u0142opi\u0119ce"},"content":{"rendered":"\n<p class=\"has-text-align-left has-small-font-size\">Je\u015bli szukasz eleganckiego i wygodnego stroju dla swojego synka na chrzest lub inn\u0105 uroczysto\u015b\u0107, zapraszamy do zapoznania si\u0119 z nasz\u0105 ofert\u0105 ubranek do chrztu firmy Folletti. <\/p>\n\n\n\n<p class=\"has-text-align-left has-small-font-size\">Oferujemy szeroki wyb\u00f3r garnitur\u00f3w, komplet\u00f3w i zestaw\u00f3w dla ch\u0142opc\u00f3w w r\u00f3\u017cnych kolorach i wzorach. Nasze ubranka s\u0105 szyte r\u0119cznie na Twoje zam\u00f3wienie z wysokiej jako\u015bci materia\u0142\u00f3w, takich jak we\u0142na merynos\u00f3w, mu\u015blin, bawe\u0142na, wiskozy, poliestry czy len. Zadbali\u015bmy o ka\u017cdy szczeg\u00f3\u0142, aby Twoje dziecko czu\u0142o si\u0119 komfortowo i pi\u0119knie w tym wyj\u0105tkowym dniu. W naszej galerii znajdziesz zdj\u0119cia naszych ubranek w r\u00f3\u017cnych stylach i rozmiarach.<\/p>\n\n\n\n<p class=\"has-text-align-left has-small-font-size\">Mo\u017cesz wybra\u0107 spo\u015br\u00f3d klasycznych garnitur\u00f3w w paski, pepitk\u0119 lub krat\u0119, komplet\u00f3w z kamizelk\u0105 lub kardiganem, zestaw\u00f3w z p\u0142aszczykiem lub ocieplanym kombinezonem. <\/p>\n\n\n\n<p class=\"has-text-align-left has-small-font-size\">Zapewniamy szybk\u0105 i bezpieczn\u0105 wysy\u0142k\u0119 oraz atrakcyjne ceny. Zam\u00f3w ju\u017c dzi\u015b i spraw swojemu maluszkowi niezapomniany prezent! oto kilka propozycji od <a href=\"http:\/\/www.folletti.pl\" data-type=\"URL\" data-id=\"www.folletti.pl\" target=\"_blank\" rel=\"noreferrer noopener\">folletti.pl<\/a>:<\/p>\n\n\n\n<figure class=\"wp-block-gallery has-nested-images columns-default is-cropped wp-block-gallery-1 is-layout-flex wp-block-gallery-is-layout-flex\">\n<figure class=\"wp-block-image size-large\"><img loading=\"lazy\" decoding=\"async\" width=\"773\" height=\"1024\" data-id=\"18\" src=\"https:\/\/www.ubrankadochrztu.com\/wp-content\/uploads\/2023\/06\/22A001_1-\u2014-kopia-773x1024.jpg\" alt=\"\" class=\"wp-image-18\" srcset=\"https:\/\/www.ubrankadochrztu.com\/wp-content\/uploads\/2023\/06\/22A001_1-\u2014-kopia-773x1024.jpg 773w, https:\/\/www.ubrankadochrztu.com\/wp-content\/uploads\/2023\/06\/22A001_1-\u2014-kopia-227x300.jpg 227w, https:\/\/www.ubrankadochrztu.com\/wp-content\/uploads\/2023\/06\/22A001_1-\u2014-kopia-768x1017.jpg 768w, https:\/\/www.ubrankadochrztu.com\/wp-content\/uploads\/2023\/06\/22A001_1-\u2014-kopia-1160x1536.jpg 1160w, https:\/\/www.ubrankadochrztu.com\/wp-content\/uploads\/2023\/06\/22A001_1-\u2014-kopia-1546x2048.jpg 1546w, https:\/\/www.ubrankadochrztu.com\/wp-content\/uploads\/2023\/06\/22A001_1-\u2014-kopia-45x60.jpg 45w, https:\/\/www.ubrankadochrztu.com\/wp-content\/uploads\/2023\/06\/22A001_1-\u2014-kopia-scaled.jpg 1933w\" sizes=\"(max-width: 773px) 100vw, 773px\" \/><\/figure>\n\n\n\n<figure class=\"wp-block-image size-large\"><img loading=\"lazy\" decoding=\"async\" width=\"763\" height=\"1024\" data-id=\"15\" src=\"https:\/\/www.ubrankadochrztu.com\/wp-content\/uploads\/2023\/06\/LA001_2-763x1024.jpg\" alt=\"\" class=\"wp-image-15\" srcset=\"https:\/\/www.ubrankadochrztu.com\/wp-content\/uploads\/2023\/06\/LA001_2-763x1024.jpg 763w, https:\/\/www.ubrankadochrztu.com\/wp-content\/uploads\/2023\/06\/LA001_2-224x300.jpg 224w, https:\/\/www.ubrankadochrztu.com\/wp-content\/uploads\/2023\/06\/LA001_2-768x1031.jpg 768w, https:\/\/www.ubrankadochrztu.com\/wp-content\/uploads\/2023\/06\/LA001_2-45x60.jpg 45w, https:\/\/www.ubrankadochrztu.com\/wp-content\/uploads\/2023\/06\/LA001_2.jpg 1017w\" sizes=\"(max-width: 763px) 100vw, 763px\" \/><\/figure>\n\n\n\n<figure class=\"wp-block-image size-large\"><img loading=\"lazy\" decoding=\"async\" width=\"773\" height=\"1024\" data-id=\"26\" src=\"https:\/\/www.ubrankadochrztu.com\/wp-content\/uploads\/2023\/06\/22A002_1-773x1024.jpg\" alt=\"\" class=\"wp-image-26\" srcset=\"https:\/\/www.ubrankadochrztu.com\/wp-content\/uploads\/2023\/06\/22A002_1-773x1024.jpg 773w, https:\/\/www.ubrankadochrztu.com\/wp-content\/uploads\/2023\/06\/22A002_1-227x300.jpg 227w, https:\/\/www.ubrankadochrztu.com\/wp-content\/uploads\/2023\/06\/22A002_1-768x1017.jpg 768w, https:\/\/www.ubrankadochrztu.com\/wp-content\/uploads\/2023\/06\/22A002_1-1160x1536.jpg 1160w, https:\/\/www.ubrankadochrztu.com\/wp-content\/uploads\/2023\/06\/22A002_1-1546x2048.jpg 1546w, https:\/\/www.ubrankadochrztu.com\/wp-content\/uploads\/2023\/06\/22A002_1-45x60.jpg 45w, https:\/\/www.ubrankadochrztu.com\/wp-content\/uploads\/2023\/06\/22A002_1-scaled.jpg 1933w\" sizes=\"(max-width: 773px) 100vw, 773px\" \/><\/figure>\n\n\n\n<figure class=\"wp-block-image size-large\"><img loading=\"lazy\" decoding=\"async\" width=\"683\" height=\"1024\" data-id=\"24\" src=\"https:\/\/www.ubrankadochrztu.com\/wp-content\/uploads\/2023\/06\/22A001_12-683x1024.jpg\" alt=\"\" class=\"wp-image-24\" srcset=\"https:\/\/www.ubrankadochrztu.com\/wp-content\/uploads\/2023\/06\/22A001_12-683x1024.jpg 683w, https:\/\/www.ubrankadochrztu.com\/wp-content\/uploads\/2023\/06\/22A001_12-200x300.jpg 200w, https:\/\/www.ubrankadochrztu.com\/wp-content\/uploads\/2023\/06\/22A001_12-768x1152.jpg 768w, https:\/\/www.ubrankadochrztu.com\/wp-content\/uploads\/2023\/06\/22A001_12-1024x1536.jpg 1024w, https:\/\/www.ubrankadochrztu.com\/wp-content\/uploads\/2023\/06\/22A001_12-1365x2048.jpg 1365w, https:\/\/www.ubrankadochrztu.com\/wp-content\/uploads\/2023\/06\/22A001_12-40x60.jpg 40w, https:\/\/www.ubrankadochrztu.com\/wp-content\/uploads\/2023\/06\/22A001_12-scaled.jpg 1706w\" sizes=\"(max-width: 683px) 100vw, 683px\" \/><\/figure>\n\n\n\n<figure class=\"wp-block-image size-large\"><img loading=\"lazy\" decoding=\"async\" width=\"683\" height=\"1024\" data-id=\"28\" src=\"https:\/\/www.ubrankadochrztu.com\/wp-content\/uploads\/2023\/06\/22A003-683x1024.jpg\" alt=\"\" class=\"wp-image-28\" srcset=\"https:\/\/www.ubrankadochrztu.com\/wp-content\/uploads\/2023\/06\/22A003-683x1024.jpg 683w, https:\/\/www.ubrankadochrztu.com\/wp-content\/uploads\/2023\/06\/22A003-200x300.jpg 200w, https:\/\/www.ubrankadochrztu.com\/wp-content\/uploads\/2023\/06\/22A003-768x1152.jpg 768w, https:\/\/www.ubrankadochrztu.com\/wp-content\/uploads\/2023\/06\/22A003-1024x1536.jpg 1024w, https:\/\/www.ubrankadochrztu.com\/wp-content\/uploads\/2023\/06\/22A003-1365x2048.jpg 1365w, https:\/\/www.ubrankadochrztu.com\/wp-content\/uploads\/2023\/06\/22A003-40x60.jpg 40w, https:\/\/www.ubrankadochrztu.com\/wp-content\/uploads\/2023\/06\/22A003-scaled.jpg 1706w\" sizes=\"(max-width: 683px) 100vw, 683px\" \/><\/figure>\n\n\n\n<figure class=\"wp-block-image size-large\"><img loading=\"lazy\" decoding=\"async\" width=\"683\" height=\"1024\" data-id=\"32\" src=\"https:\/\/www.ubrankadochrztu.com\/wp-content\/uploads\/2023\/06\/22A006_1-683x1024.jpg\" alt=\"\" class=\"wp-image-32\" srcset=\"https:\/\/www.ubrankadochrztu.com\/wp-content\/uploads\/2023\/06\/22A006_1-683x1024.jpg 683w, https:\/\/www.ubrankadochrztu.com\/wp-content\/uploads\/2023\/06\/22A006_1-200x300.jpg 200w, https:\/\/www.ubrankadochrztu.com\/wp-content\/uploads\/2023\/06\/22A006_1-768x1152.jpg 768w, https:\/\/www.ubrankadochrztu.com\/wp-content\/uploads\/2023\/06\/22A006_1-1024x1536.jpg 1024w, https:\/\/www.ubrankadochrztu.com\/wp-content\/uploads\/2023\/06\/22A006_1-1365x2048.jpg 1365w, https:\/\/www.ubrankadochrztu.com\/wp-content\/uploads\/2023\/06\/22A006_1-40x60.jpg 40w, https:\/\/www.ubrankadochrztu.com\/wp-content\/uploads\/2023\/06\/22A006_1-scaled.jpg 1706w\" sizes=\"(max-width: 683px) 100vw, 683px\" \/><\/figure>\n\n\n\n<figure class=\"wp-block-image size-large\"><img loading=\"lazy\" decoding=\"async\" width=\"683\" height=\"1024\" data-id=\"29\" src=\"https:\/\/www.ubrankadochrztu.com\/wp-content\/uploads\/2023\/06\/22A003_1-683x1024.jpg\" alt=\"\" class=\"wp-image-29\" srcset=\"https:\/\/www.ubrankadochrztu.com\/wp-content\/uploads\/2023\/06\/22A003_1-683x1024.jpg 683w, https:\/\/www.ubrankadochrztu.com\/wp-content\/uploads\/2023\/06\/22A003_1-200x300.jpg 200w, https:\/\/www.ubrankadochrztu.com\/wp-content\/uploads\/2023\/06\/22A003_1-768x1152.jpg 768w, https:\/\/www.ubrankadochrztu.com\/wp-content\/uploads\/2023\/06\/22A003_1-1024x1536.jpg 1024w, https:\/\/www.ubrankadochrztu.com\/wp-content\/uploads\/2023\/06\/22A003_1-1365x2048.jpg 1365w, https:\/\/www.ubrankadochrztu.com\/wp-content\/uploads\/2023\/06\/22A003_1-40x60.jpg 40w, https:\/\/www.ubrankadochrztu.com\/wp-content\/uploads\/2023\/06\/22A003_1-scaled.jpg 1706w\" sizes=\"(max-width: 683px) 100vw, 683px\" \/><\/figure>\n\n\n\n<figure class=\"wp-block-image size-large\"><img loading=\"lazy\" decoding=\"async\" width=\"685\" height=\"1024\" data-id=\"36\" src=\"https:\/\/www.ubrankadochrztu.com\/wp-content\/uploads\/2023\/06\/22A008-685x1024.jpg\" alt=\"\" class=\"wp-image-36\" srcset=\"https:\/\/www.ubrankadochrztu.com\/wp-content\/uploads\/2023\/06\/22A008-685x1024.jpg 685w, https:\/\/www.ubrankadochrztu.com\/wp-content\/uploads\/2023\/06\/22A008-201x300.jpg 201w, https:\/\/www.ubrankadochrztu.com\/wp-content\/uploads\/2023\/06\/22A008-768x1149.jpg 768w, https:\/\/www.ubrankadochrztu.com\/wp-content\/uploads\/2023\/06\/22A008-1027x1536.jpg 1027w, https:\/\/www.ubrankadochrztu.com\/wp-content\/uploads\/2023\/06\/22A008-1369x2048.jpg 1369w, https:\/\/www.ubrankadochrztu.com\/wp-content\/uploads\/2023\/06\/22A008-40x60.jpg 40w, https:\/\/www.ubrankadochrztu.com\/wp-content\/uploads\/2023\/06\/22A008-scaled.jpg 1711w\" sizes=\"(max-width: 685px) 100vw, 685px\" \/><\/figure>\n\n\n\n<figure class=\"wp-block-image size-large\"><img loading=\"lazy\" decoding=\"async\" width=\"683\" height=\"1024\" data-id=\"34\" src=\"https:\/\/www.ubrankadochrztu.com\/wp-content\/uploads\/2023\/06\/22A006_3K-683x1024.jpg\" alt=\"\" class=\"wp-image-34\" srcset=\"https:\/\/www.ubrankadochrztu.com\/wp-content\/uploads\/2023\/06\/22A006_3K-683x1024.jpg 683w, https:\/\/www.ubrankadochrztu.com\/wp-content\/uploads\/2023\/06\/22A006_3K-200x300.jpg 200w, https:\/\/www.ubrankadochrztu.com\/wp-content\/uploads\/2023\/06\/22A006_3K-768x1152.jpg 768w, https:\/\/www.ubrankadochrztu.com\/wp-content\/uploads\/2023\/06\/22A006_3K-1024x1536.jpg 1024w, https:\/\/www.ubrankadochrztu.com\/wp-content\/uploads\/2023\/06\/22A006_3K-1365x2048.jpg 1365w, https:\/\/www.ubrankadochrztu.com\/wp-content\/uploads\/2023\/06\/22A006_3K-40x60.jpg 40w, https:\/\/www.ubrankadochrztu.com\/wp-content\/uploads\/2023\/06\/22A006_3K-scaled.jpg 1706w\" sizes=\"(max-width: 683px) 100vw, 683px\" \/><\/figure>\n\n\n\n<figure class=\"wp-block-image size-large\"><img loading=\"lazy\" decoding=\"async\" width=\"770\" height=\"1024\" data-id=\"41\" src=\"https:\/\/www.ubrankadochrztu.com\/wp-content\/uploads\/2023\/06\/22A011_1-770x1024.jpg\" alt=\"\" class=\"wp-image-41\" srcset=\"https:\/\/www.ubrankadochrztu.com\/wp-content\/uploads\/2023\/06\/22A011_1-770x1024.jpg 770w, https:\/\/www.ubrankadochrztu.com\/wp-content\/uploads\/2023\/06\/22A011_1-226x300.jpg 226w, https:\/\/www.ubrankadochrztu.com\/wp-content\/uploads\/2023\/06\/22A011_1-768x1022.jpg 768w, https:\/\/www.ubrankadochrztu.com\/wp-content\/uploads\/2023\/06\/22A011_1-1155x1536.jpg 1155w, https:\/\/www.ubrankadochrztu.com\/wp-content\/uploads\/2023\/06\/22A011_1-1539x2048.jpg 1539w, https:\/\/www.ubrankadochrztu.com\/wp-content\/uploads\/2023\/06\/22A011_1-45x60.jpg 45w, https:\/\/www.ubrankadochrztu.com\/wp-content\/uploads\/2023\/06\/22A011_1-scaled.jpg 1924w\" sizes=\"(max-width: 770px) 100vw, 770px\" \/><\/figure>\n\n\n\n<figure class=\"wp-block-image size-large\"><img loading=\"lazy\" decoding=\"async\" width=\"770\" height=\"1024\" data-id=\"40\" src=\"https:\/\/www.ubrankadochrztu.com\/wp-content\/uploads\/2023\/06\/22A009-770x1024.jpg\" alt=\"\" class=\"wp-image-40\" srcset=\"https:\/\/www.ubrankadochrztu.com\/wp-content\/uploads\/2023\/06\/22A009-770x1024.jpg 770w, https:\/\/www.ubrankadochrztu.com\/wp-content\/uploads\/2023\/06\/22A009-226x300.jpg 226w, https:\/\/www.ubrankadochrztu.com\/wp-content\/uploads\/2023\/06\/22A009-768x1022.jpg 768w, https:\/\/www.ubrankadochrztu.com\/wp-content\/uploads\/2023\/06\/22A009-1155x1536.jpg 1155w, https:\/\/www.ubrankadochrztu.com\/wp-content\/uploads\/2023\/06\/22A009-1539x2048.jpg 1539w, https:\/\/www.ubrankadochrztu.com\/wp-content\/uploads\/2023\/06\/22A009-45x60.jpg 45w, https:\/\/www.ubrankadochrztu.com\/wp-content\/uploads\/2023\/06\/22A009-scaled.jpg 1924w\" sizes=\"(max-width: 770px) 100vw, 770px\" \/><\/figure>\n\n\n\n<figure class=\"wp-block-image size-large\"><img loading=\"lazy\" decoding=\"async\" width=\"762\" height=\"1024\" data-id=\"35\" src=\"https:\/\/www.ubrankadochrztu.com\/wp-content\/uploads\/2023\/06\/22A007_2-762x1024.jpg\" alt=\"\" class=\"wp-image-35\" srcset=\"https:\/\/www.ubrankadochrztu.com\/wp-content\/uploads\/2023\/06\/22A007_2-762x1024.jpg 762w, https:\/\/www.ubrankadochrztu.com\/wp-content\/uploads\/2023\/06\/22A007_2-223x300.jpg 223w, https:\/\/www.ubrankadochrztu.com\/wp-content\/uploads\/2023\/06\/22A007_2-768x1032.jpg 768w, https:\/\/www.ubrankadochrztu.com\/wp-content\/uploads\/2023\/06\/22A007_2-1143x1536.jpg 1143w, https:\/\/www.ubrankadochrztu.com\/wp-content\/uploads\/2023\/06\/22A007_2-1524x2048.jpg 1524w, https:\/\/www.ubrankadochrztu.com\/wp-content\/uploads\/2023\/06\/22A007_2-45x60.jpg 45w, https:\/\/www.ubrankadochrztu.com\/wp-content\/uploads\/2023\/06\/22A007_2-scaled.jpg 1905w\" sizes=\"(max-width: 762px) 100vw, 762px\" \/><\/figure>\n\n\n\n<figure class=\"wp-block-image size-large\"><img loading=\"lazy\" decoding=\"async\" width=\"723\" height=\"1024\" data-id=\"46\" src=\"https:\/\/www.ubrankadochrztu.com\/wp-content\/uploads\/2023\/06\/22A012_3-723x1024.jpg\" alt=\"\" class=\"wp-image-46\" srcset=\"https:\/\/www.ubrankadochrztu.com\/wp-content\/uploads\/2023\/06\/22A012_3-723x1024.jpg 723w, https:\/\/www.ubrankadochrztu.com\/wp-content\/uploads\/2023\/06\/22A012_3-212x300.jpg 212w, https:\/\/www.ubrankadochrztu.com\/wp-content\/uploads\/2023\/06\/22A012_3-768x1088.jpg 768w, https:\/\/www.ubrankadochrztu.com\/wp-content\/uploads\/2023\/06\/22A012_3-1084x1536.jpg 1084w, https:\/\/www.ubrankadochrztu.com\/wp-content\/uploads\/2023\/06\/22A012_3-1445x2048.jpg 1445w, https:\/\/www.ubrankadochrztu.com\/wp-content\/uploads\/2023\/06\/22A012_3-42x60.jpg 42w, https:\/\/www.ubrankadochrztu.com\/wp-content\/uploads\/2023\/06\/22A012_3.jpg 1798w\" sizes=\"(max-width: 723px) 100vw, 723px\" \/><\/figure>\n\n\n\n<figure class=\"wp-block-image size-large\"><img loading=\"lazy\" decoding=\"async\" width=\"692\" height=\"1024\" data-id=\"50\" src=\"https:\/\/www.ubrankadochrztu.com\/wp-content\/uploads\/2023\/06\/22A013_3-692x1024.jpg\" alt=\"\" class=\"wp-image-50\" srcset=\"https:\/\/www.ubrankadochrztu.com\/wp-content\/uploads\/2023\/06\/22A013_3-692x1024.jpg 692w, https:\/\/www.ubrankadochrztu.com\/wp-content\/uploads\/2023\/06\/22A013_3-203x300.jpg 203w, https:\/\/www.ubrankadochrztu.com\/wp-content\/uploads\/2023\/06\/22A013_3-768x1136.jpg 768w, https:\/\/www.ubrankadochrztu.com\/wp-content\/uploads\/2023\/06\/22A013_3-1038x1536.jpg 1038w, https:\/\/www.ubrankadochrztu.com\/wp-content\/uploads\/2023\/06\/22A013_3-1384x2048.jpg 1384w, https:\/\/www.ubrankadochrztu.com\/wp-content\/uploads\/2023\/06\/22A013_3-41x60.jpg 41w, https:\/\/www.ubrankadochrztu.com\/wp-content\/uploads\/2023\/06\/22A013_3-scaled.jpg 1730w\" sizes=\"(max-width: 692px) 100vw, 692px\" \/><\/figure>\n\n\n\n<figure class=\"wp-block-image size-large\"><img loading=\"lazy\" decoding=\"async\" width=\"723\" height=\"1024\" data-id=\"52\" src=\"https:\/\/www.ubrankadochrztu.com\/wp-content\/uploads\/2023\/06\/22A014_4-723x1024.jpg\" alt=\"\" class=\"wp-image-52\" srcset=\"https:\/\/www.ubrankadochrztu.com\/wp-content\/uploads\/2023\/06\/22A014_4-723x1024.jpg 723w, https:\/\/www.ubrankadochrztu.com\/wp-content\/uploads\/2023\/06\/22A014_4-212x300.jpg 212w, https:\/\/www.ubrankadochrztu.com\/wp-content\/uploads\/2023\/06\/22A014_4-768x1088.jpg 768w, https:\/\/www.ubrankadochrztu.com\/wp-content\/uploads\/2023\/06\/22A014_4-1084x1536.jpg 1084w, https:\/\/www.ubrankadochrztu.com\/wp-content\/uploads\/2023\/06\/22A014_4-1446x2048.jpg 1446w, https:\/\/www.ubrankadochrztu.com\/wp-content\/uploads\/2023\/06\/22A014_4-42x60.jpg 42w, https:\/\/www.ubrankadochrztu.com\/wp-content\/uploads\/2023\/06\/22A014_4-scaled.jpg 1807w\" sizes=\"(max-width: 723px) 100vw, 723px\" \/><\/figure>\n\n\n\n<figure class=\"wp-block-image size-large\"><img loading=\"lazy\" decoding=\"async\" width=\"683\" height=\"1024\" data-id=\"8\" src=\"https:\/\/www.ubrankadochrztu.com\/wp-content\/uploads\/2023\/06\/23A001.1_4-683x1024.jpg\" alt=\"\" class=\"wp-image-8\" srcset=\"https:\/\/www.ubrankadochrztu.com\/wp-content\/uploads\/2023\/06\/23A001.1_4-683x1024.jpg 683w, https:\/\/www.ubrankadochrztu.com\/wp-content\/uploads\/2023\/06\/23A001.1_4-200x300.jpg 200w, https:\/\/www.ubrankadochrztu.com\/wp-content\/uploads\/2023\/06\/23A001.1_4-768x1152.jpg 768w, https:\/\/www.ubrankadochrztu.com\/wp-content\/uploads\/2023\/06\/23A001.1_4-1024x1536.jpg 1024w, https:\/\/www.ubrankadochrztu.com\/wp-content\/uploads\/2023\/06\/23A001.1_4-1365x2048.jpg 1365w, https:\/\/www.ubrankadochrztu.com\/wp-content\/uploads\/2023\/06\/23A001.1_4-40x60.jpg 40w, https:\/\/www.ubrankadochrztu.com\/wp-content\/uploads\/2023\/06\/23A001.1_4-scaled.jpg 1706w\" sizes=\"(max-width: 683px) 100vw, 683px\" \/><\/figure>\n\n\n\n<figure class=\"wp-block-image size-large\"><img loading=\"lazy\" decoding=\"async\" width=\"713\" height=\"1024\" data-id=\"7\" src=\"https:\/\/www.ubrankadochrztu.com\/wp-content\/uploads\/2023\/06\/23A001.1_1-713x1024.jpg\" alt=\"\" class=\"wp-image-7\" srcset=\"https:\/\/www.ubrankadochrztu.com\/wp-content\/uploads\/2023\/06\/23A001.1_1-713x1024.jpg 713w, https:\/\/www.ubrankadochrztu.com\/wp-content\/uploads\/2023\/06\/23A001.1_1-209x300.jpg 209w, https:\/\/www.ubrankadochrztu.com\/wp-content\/uploads\/2023\/06\/23A001.1_1-768x1103.jpg 768w, https:\/\/www.ubrankadochrztu.com\/wp-content\/uploads\/2023\/06\/23A001.1_1-1069x1536.jpg 1069w, https:\/\/www.ubrankadochrztu.com\/wp-content\/uploads\/2023\/06\/23A001.1_1-1426x2048.jpg 1426w, https:\/\/www.ubrankadochrztu.com\/wp-content\/uploads\/2023\/06\/23A001.1_1-42x60.jpg 42w, https:\/\/www.ubrankadochrztu.com\/wp-content\/uploads\/2023\/06\/23A001.1_1-scaled.jpg 1782w\" sizes=\"(max-width: 713px) 100vw, 713px\" \/><\/figure>\n<\/figure>\n","protected":false},"excerpt":{"rendered":"<p>Je\u015bli szukasz eleganckiego i wygodnego stroju dla swojego synka na chrzest lub inn\u0105 uroczysto\u015b\u0107, zapraszamy do zapoznania si\u0119 z nasz\u0105 ofert\u0105 ubranek do chrztu firmy Folletti. Oferujemy szeroki wyb\u00f3r garnitur\u00f3w, komplet\u00f3w i zestaw\u00f3w dla ch\u0142opc\u00f3w w r\u00f3\u017cnych kolorach i wzorach. Nasze ubranka s\u0105 szyte r\u0119cznie na Twoje zam\u00f3wienie z wysokiej jako\u015bci materia\u0142\u00f3w, takich jak we\u0142na &hellip; <\/p>\n","protected":false},"author":1,"featured_media":114,"parent":0,"menu_order":0,"comment_status":"closed","ping_status":"open","template":"","meta":{"footnotes":""},"jetpack_sharing_enabled":true,"_links":{"self":[{"href":"https:\/\/www.ubrankadochrztu.com\/index.php?rest_route=\/wp\/v2\/pages\/2"}],"collection":[{"href":"https:\/\/www.ubrankadochrztu.com\/index.php?rest_route=\/wp\/v2\/pages"}],"about":[{"href":"https:\/\/www.ubrankadochrztu.com\/index.php?rest_route=\/wp\/v2\/types\/page"}],"author":[{"embeddable":true,"href":"https:\/\/www.ubrankadochrztu.com\/index.php?rest_route=\/wp\/v2\/users\/1"}],"replies":[{"embeddable":true,"href":"https:\/\/www.ubrankadochrztu.com\/index.php?rest_route=%2Fwp%2Fv2%2Fcomments&post=2"}],"version-history":[{"count":3,"href":"https:\/\/www.ubrankadochrztu.com\/index.php?rest_route=\/wp\/v2\/pages\/2\/revisions"}],"predecessor-version":[{"id":210,"href":"https:\/\/www.ubrankadochrztu.com\/index.php?rest_route=\/wp\/v2\/pages\/2\/revisions\/210"}],"wp:featuredmedia":[{"embeddable":true,"href":"https:\/\/www.ubrankadochrztu.com\/index.php?rest_route=\/wp\/v2\/media\/114"}],"wp:attachment":[{"href":"https:\/\/www.ubrankadochrztu.com\/index.php?rest_route=%2Fwp%2Fv2%2Fmedia&parent=2"}],"curies":[{"name":"wp","href":"https:\/\/api.w.org\/{rel}","templated":true}]}}