{"id":161,"date":"2023-06-07T12:37:29","date_gmt":"2023-06-07T12:37:29","guid":{"rendered":"https:\/\/www.ubrankadochrztu.com\/?page_id=161"},"modified":"2023-07-06T11:15:38","modified_gmt":"2023-07-06T11:15:38","slug":"zakup-hurtowy","status":"publish","type":"page","link":"https:\/\/www.ubrankadochrztu.com\/?page_id=161","title":{"rendered":"zakup hurtowy"},"content":{"rendered":"\n<p class=\"has-text-align-right\"><img loading=\"lazy\" decoding=\"async\" width=\"247\" height=\"123\" class=\"wp-image-195\" style=\"width: 150px;\" src=\"https:\/\/www.ubrankadochrztu.com\/wp-content\/uploads\/2023\/06\/eu1.png\" alt=\"\" srcset=\"https:\/\/www.ubrankadochrztu.com\/wp-content\/uploads\/2023\/06\/eu1.png 247w, https:\/\/www.ubrankadochrztu.com\/wp-content\/uploads\/2023\/06\/eu1-120x60.png 120w\" sizes=\"(max-width: 247px) 100vw, 247px\" \/>                          Zapraszamy do skorzystania z naszej oferty odzie\u017cy okazjonalnej na folletti.pl. Je\u015bli prowadzisz sklep z tak\u0105 odzie\u017c\u0105 lub chcesz rozszerzy\u0107 swoj\u0105 dzia\u0142alno\u015b\u0107 o t\u0119 bran\u017c\u0119, zarejestruj si\u0119 na naszej stronie i po potwierdzeniu otrzymasz dost\u0119p do atrakcyjnych cen hurtowych. Nasze produkty s\u0105 szyte r\u0119cznie w Polsce z wysokiej jako\u015bci materia\u0142\u00f3w.<\/p>\n\n\n\n<p class=\"has-text-align-right\">   We invite you to take advantage of our offer of casual clothing at folletti.pl. If you run a store with such clothing or want to expand your business into this industry, register on our website and after confirmation you will get access to attractive wholesale prices. Our products are hand-sewn in Poland from high quality materials.<\/p>\n\n\n\n<figure class=\"wp-block-image size-large is-resized is-style-rounded\"><a href=\"https:\/\/www.folletti.pl\/pl\/reg\" target=\"_blank\" rel=\"noreferrer noopener\"><img loading=\"lazy\" decoding=\"async\" src=\"https:\/\/www.ubrankadochrztu.com\/wp-content\/uploads\/2023\/06\/play_folletti-1024x536.png\" alt=\"\" class=\"wp-image-282\" width=\"768\" height=\"402\" srcset=\"https:\/\/www.ubrankadochrztu.com\/wp-content\/uploads\/2023\/06\/play_folletti-1024x536.png 1024w, https:\/\/www.ubrankadochrztu.com\/wp-content\/uploads\/2023\/06\/play_folletti-300x157.png 300w, https:\/\/www.ubrankadochrztu.com\/wp-content\/uploads\/2023\/06\/play_folletti-768x402.png 768w, https:\/\/www.ubrankadochrztu.com\/wp-content\/uploads\/2023\/06\/play_folletti-115x60.png 115w, https:\/\/www.ubrankadochrztu.com\/wp-content\/uploads\/2023\/06\/play_folletti.png 1200w\" sizes=\"(max-width: 768px) 100vw, 768px\" \/><\/a><\/figure>\n","protected":false},"excerpt":{"rendered":"<p>Zapraszamy do skorzystania z naszej oferty odzie\u017cy okazjonalnej na folletti.pl. Je\u015bli prowadzisz sklep z tak\u0105 odzie\u017c\u0105 lub chcesz rozszerzy\u0107 swoj\u0105 dzia\u0142alno\u015b\u0107 o t\u0119 bran\u017c\u0119, zarejestruj si\u0119 na naszej stronie i po potwierdzeniu otrzymasz dost\u0119p do atrakcyjnych cen hurtowych. Nasze produkty s\u0105 szyte r\u0119cznie w Polsce z wysokiej jako\u015bci materia\u0142\u00f3w. We invite you to take advantage &hellip; <\/p>\n","protected":false},"author":1,"featured_media":0,"parent":0,"menu_order":0,"comment_status":"closed","ping_status":"closed","template":"","meta":{"footnotes":""},"jetpack_sharing_enabled":true,"_links":{"self":[{"href":"https:\/\/www.ubrankadochrztu.com\/index.php?rest_route=\/wp\/v2\/pages\/161"}],"collection":[{"href":"https:\/\/www.ubrankadochrztu.com\/index.php?rest_route=\/wp\/v2\/pages"}],"about":[{"href":"https:\/\/www.ubrankadochrztu.com\/index.php?rest_route=\/wp\/v2\/types\/page"}],"author":[{"embeddable":true,"href":"https:\/\/www.ubrankadochrztu.com\/index.php?rest_route=\/wp\/v2\/users\/1"}],"replies":[{"embeddable":true,"href":"https:\/\/www.ubrankadochrztu.com\/index.php?rest_route=%2Fwp%2Fv2%2Fcomments&post=161"}],"version-history":[{"count":9,"href":"https:\/\/www.ubrankadochrztu.com\/index.php?rest_route=\/wp\/v2\/pages\/161\/revisions"}],"predecessor-version":[{"id":328,"href":"https:\/\/www.ubrankadochrztu.com\/index.php?rest_route=\/wp\/v2\/pages\/161\/revisions\/328"}],"wp:attachment":[{"href":"https:\/\/www.ubrankadochrztu.com\/index.php?rest_route=%2Fwp%2Fv2%2Fmedia&parent=161"}],"curies":[{"name":"wp","href":"https:\/\/api.w.org\/{rel}","templated":true}]}}