{"id":160,"date":"2023-06-07T12:37:29","date_gmt":"2023-06-07T12:37:29","guid":{"rendered":"https:\/\/www.ubrankadochrztu.com\/?page_id=160"},"modified":"2023-06-13T13:45:33","modified_gmt":"2023-06-13T13:45:33","slug":"zakup-indywidualny","status":"publish","type":"page","link":"https:\/\/www.ubrankadochrztu.com\/?page_id=160","title":{"rendered":"zakup indywidualny"},"content":{"rendered":"\n<p class=\"has-text-align-center has-medium-font-size\"><img loading=\"lazy\" decoding=\"async\" width=\"100\" height=\"101\" class=\"wp-image-277\" style=\"width: 70px;\" src=\"https:\/\/www.ubrankadochrztu.com\/wp-content\/uploads\/2023\/06\/handmade1.png\" alt=\"\" srcset=\"https:\/\/www.ubrankadochrztu.com\/wp-content\/uploads\/2023\/06\/handmade1.png 100w, https:\/\/www.ubrankadochrztu.com\/wp-content\/uploads\/2023\/06\/handmade1-59x60.png 59w\" sizes=\"(max-width: 100px) 100vw, 100px\" \/> <sup>Po ubranko szyte r\u0119cznie od A-Z i logowane imieniem twojego dziecka zapraszamy do<strong> <\/strong><a rel=\"noreferrer noopener\" href=\"http:\/\/www.folletti.pl\" target=\"_blank\">folletti.pl<\/a><\/sup><\/p>\n\n\n\n<p>Zapraszamy ci\u0119 r\u00f3wnie\u017c do sklepu stacjonarnego pod adresem firmy. Pami\u0119taj, przed zakupem wymierzy\u0107 dziecko zgodnie z naszymi tabelami.<\/p>\n\n\n<div class=\"wp-block-image\">\n<figure class=\"alignleft size-large is-resized\"><img loading=\"lazy\" decoding=\"async\" src=\"https:\/\/www.ubrankadochrztu.com\/wp-content\/uploads\/2023\/06\/Zrzut-ekranu-2023-05-23-o-11.40.56-570x1024.png\" alt=\"\" class=\"wp-image-189\" width=\"285\" height=\"512\" srcset=\"https:\/\/www.ubrankadochrztu.com\/wp-content\/uploads\/2023\/06\/Zrzut-ekranu-2023-05-23-o-11.40.56-570x1024.png 570w, https:\/\/www.ubrankadochrztu.com\/wp-content\/uploads\/2023\/06\/Zrzut-ekranu-2023-05-23-o-11.40.56-167x300.png 167w, https:\/\/www.ubrankadochrztu.com\/wp-content\/uploads\/2023\/06\/Zrzut-ekranu-2023-05-23-o-11.40.56-768x1379.png 768w, https:\/\/www.ubrankadochrztu.com\/wp-content\/uploads\/2023\/06\/Zrzut-ekranu-2023-05-23-o-11.40.56-855x1536.png 855w, https:\/\/www.ubrankadochrztu.com\/wp-content\/uploads\/2023\/06\/Zrzut-ekranu-2023-05-23-o-11.40.56-1141x2048.png 1141w, https:\/\/www.ubrankadochrztu.com\/wp-content\/uploads\/2023\/06\/Zrzut-ekranu-2023-05-23-o-11.40.56-33x60.png 33w, https:\/\/www.ubrankadochrztu.com\/wp-content\/uploads\/2023\/06\/Zrzut-ekranu-2023-05-23-o-11.40.56.png 1193w\" sizes=\"(max-width: 285px) 100vw, 285px\" \/><\/figure><\/div>\n\n\n\n\n<p>93-161 \u0141\u00f3d\u017a <\/p>\n\n\n\n<p>ul.Naruszewicza 4 <\/p>\n\n\n\n<p>(wej\u015bcie od strony ronda Insurekcji Ko\u015bciuszkowskiej)<\/p>\n\n\n\n<p>tel: +48 422 39 49 59<\/p>\n\n\n\n<p>czynne 10-18 soboty 10-14<\/p>\n","protected":false},"excerpt":{"rendered":"<p>Po ubranko szyte r\u0119cznie od A-Z i logowane imieniem twojego dziecka zapraszamy do folletti.pl Zapraszamy ci\u0119 r\u00f3wnie\u017c do sklepu stacjonarnego pod adresem firmy. Pami\u0119taj, przed zakupem wymierzy\u0107 dziecko zgodnie z naszymi tabelami. 93-161 \u0141\u00f3d\u017a ul.Naruszewicza 4 (wej\u015bcie od strony ronda Insurekcji Ko\u015bciuszkowskiej) tel: +48 422 39 49 59 czynne 10-18 soboty 10-14<\/p>\n","protected":false},"author":1,"featured_media":0,"parent":0,"menu_order":0,"comment_status":"closed","ping_status":"closed","template":"","meta":{"footnotes":""},"jetpack_sharing_enabled":true,"_links":{"self":[{"href":"https:\/\/www.ubrankadochrztu.com\/index.php?rest_route=\/wp\/v2\/pages\/160"}],"collection":[{"href":"https:\/\/www.ubrankadochrztu.com\/index.php?rest_route=\/wp\/v2\/pages"}],"about":[{"href":"https:\/\/www.ubrankadochrztu.com\/index.php?rest_route=\/wp\/v2\/types\/page"}],"author":[{"embeddable":true,"href":"https:\/\/www.ubrankadochrztu.com\/index.php?rest_route=\/wp\/v2\/users\/1"}],"replies":[{"embeddable":true,"href":"https:\/\/www.ubrankadochrztu.com\/index.php?rest_route=%2Fwp%2Fv2%2Fcomments&post=160"}],"version-history":[{"count":4,"href":"https:\/\/www.ubrankadochrztu.com\/index.php?rest_route=\/wp\/v2\/pages\/160\/revisions"}],"predecessor-version":[{"id":297,"href":"https:\/\/www.ubrankadochrztu.com\/index.php?rest_route=\/wp\/v2\/pages\/160\/revisions\/297"}],"wp:attachment":[{"href":"https:\/\/www.ubrankadochrztu.com\/index.php?rest_route=%2Fwp%2Fv2%2Fmedia&parent=160"}],"curies":[{"name":"wp","href":"https:\/\/api.w.org\/{rel}","templated":true}]}}